{"id":1586,"date":"2019-02-23T09:24:37","date_gmt":"2019-02-23T09:24:37","guid":{"rendered":"http:\/\/samm-group.ch\/wprs\/startseite\/"},"modified":"2019-03-22T09:23:04","modified_gmt":"2019-03-22T08:23:04","slug":"startseite","status":"publish","type":"page","link":"https:\/\/samm.humark.website\/fr\/","title":{"rendered":"Startseite"},"content":{"rendered":"<section class=\"block-social black\">\r\n     <div class=\"socialmedia\"><a href=\"https:\/\/www.instagram.com\/sammgroupag\/\" style=\"background:url(https:\/\/samm.humark.website\/wp-content\/uploads\/2019\/02\/insta-white.svg) center center no-repeat\" target=\"_blank\"><\/a><a href=\"https:\/\/www.facebook.com\/Samm-group-ag-278971002892671\/\" style=\"background:url(https:\/\/samm.humark.website\/wp-content\/uploads\/2019\/02\/fb-white.svg) center center no-repeat\" target=\"_blank\"><\/a><a href=\"https:\/\/twitter.com\/sammgroupag\" style=\"background:url(https:\/\/samm.humark.website\/wp-content\/uploads\/2019\/03\/Icon_Twitter_neg.svg) center center no-repeat\" target=\"_blank\"><\/a><a href=\"https:\/\/www.linkedin.com\/company\/swiss-athlete-marketing-management-group-ag-samm-group\/?originalSubdomain=ch\" style=\"background:url(https:\/\/samm.humark.website\/wp-content\/uploads\/2019\/03\/Icon_Linkedin_neg.svg) center center no-repeat\" target=\"_blank\"><\/a><\/div>\r\n<\/section>\n\n<section class=\"block-text black\">\r\n    <div class=\"wrapper\">\r\n        <div class=\"inner-wrapper full-width\"><h2 class=\"text-titel\">samm group accompagne et soutient les athl\u00e8tes nationaux et internationaux tout au long de leur carri\u00e8re, m\u00eame au-del\u00e0 de leur retraite sur les plans marketing, \u00e9v\u00e8nementiels, commercial et m\u00e9dias. Nos prestations 360\u02da sont g\u00e9r\u00e9es et mises en place par des experts qui ont chacun des ann\u00e9es d\u2019exp\u00e9rience dans leur domaine de comp\u00e9tences.<\/h2><a href=\"\" class=\"btn\">Success Stories<\/a><\/div>\r\n    <\/div>\r\n<\/section>\n\n<section class=\"news grey\">\r\n    <div class=\"wrapper\">\r\n\r\n            <h2 class=\"text-titel\">News<\/h2>\r\n            <div class=\"inner-wrapper-full isogrid\"><div class=\"post-box col4 grid-item\"><div class=\"post-thumb\">\r\n                                    <div class=\"post-img\" style=\"background:url(https:\/\/samm.humark.website\/wp-content\/uploads\/2019\/10\/P1611422.jpg) center center \/ cover no-repeat;\"><\/div>\r\n                                <\/div><h3>Tadesse sur une bonne 9\u00e8me place \u00e0 Doha<\/h3><div class=\"post-excerpt\"><p>La lutte contre la chaleur et l\u2019humidit\u00e9.\u00a0Tadesse a termin\u00e9 le marathon du championnat mondial au Golfe Persique &#8211; en 2:11:21 &#8211; sur la bonne 9\u00e8me place.\u00a0Il \u00e9tais parfaitement pr\u00e9par\u00e9 pour une course de chaleur torride.\u00a0Mais exactement la nuit du marathon, les temp\u00e9ratures et l&rsquo;humidit\u00e9 ont baiss\u00e9. Tadesse a tirer le bilan: \u00ab\u00a0Je ne suis pas satisfait, mais je dois l&rsquo;\u00eatre, car j&rsquo;ai tout donn\u00e9.\u00a0\u00bb Malgr\u00e9 tout, c&rsquo;\u00e9tait instructif.\u00a0Pour la participation aux Jeux Olympiques de Tokyo l&rsquo;ann\u00e9e prochaine ces exp\u00e9riences sont la valeur de l\u2019or.<\/p>\n<\/div><div class=\"post-meta\">\r\n                                <div class=\"post-date\">6. octobre 2019<\/div>\r\n                            <\/div><\/div><div class=\"post-box col4 grid-item\"><div class=\"post-thumb\">\r\n                                    <div class=\"post-img\" style=\"background:url(https:\/\/samm.humark.website\/wp-content\/uploads\/2019\/10\/h_00244101.jpg) center center \/ cover no-repeat;\"><\/div>\r\n                                <\/div><h3>Top 10 pour G\u00e9raldine Ruckstuhl<\/h3><div class=\"post-excerpt\"><p>Championat du monde d\u2019athl\u00e9tisme &#8211; G\u00e9raldine a obtenu le 9e place \u00e0 Doha avec une performance constante pendant la competition. La base pour ce r\u00e9sultat, le lancer du javelot de 55.35m, le meilleure r\u00e9sultat de la journ\u00e9e. Le fait que G\u00e9raldine n\u2019\u00e9tais pas capable d\u2019am\u00e9liorer sa performance dans aucune des disciplines et \u00a0qu\u2019elle a de tout mani\u00e8re\u00a0obtenu un excellente placement, d\u00e9montre le potentiel qu&rsquo;elle rec\u00e8le.<\/p>\n<\/div><div class=\"post-meta\">\r\n                                <div class=\"post-date\">3. octobre 2019<\/div>\r\n                            <\/div><\/div><div class=\"post-box col4 grid-item\"><div class=\"post-thumb\">\r\n                                    <div class=\"post-img\" style=\"background:url(https:\/\/samm.humark.website\/wp-content\/uploads\/2019\/08\/insidesamm.png) center center \/ cover no-repeat;\"><\/div>\r\n                                <\/div><h3>#insidesamm<\/h3><div class=\"post-excerpt\"><p><span lang=\"EN-US\">Plus d&rsquo;insides et d&rsquo;histoires de fond de nos athl\u00e8tes sur le YouTube Chanel de groupe samm<\/span><\/p>\n<p><a href=\"https:\/\/www.youtube.com\/watch?v=Wzoxz53H3CU&amp;list=PLLJ9qAQu0ItrxT9V0gSjPf8cu3z9xBSiv\">Oliver Hegi<\/a><\/p>\n<p><a href=\"https:\/\/www.youtube.com\/playlist?list=PLLJ9qAQu0ItorYJtGeut_i1DQHtT_kzRA\" target=\"_blank\" rel=\"noopener\">Jeannine Gmelin<\/a><\/p>\n<p><a href=\"https:\/\/www.youtube.com\/playlist?list=PLLJ9qAQu0ItroRY1lNW49EdYnFk9mtS7H\" target=\"_blank\" rel=\"noopener\">Tadesse Abraham\u00a0<\/a><\/p>\n<p><a href=\"https:\/\/www.youtube.com\/playlist?list=PLLJ9qAQu0ItoXUyZj4QvZy29NYif2GZUu\" target=\"_blank\" rel=\"noopener\">C\u00e9line Boutier<\/a><\/p>\n<\/div><div class=\"post-meta\">\r\n                                <div class=\"post-date\">27. septembre 2019<\/div>\r\n                            <\/div><\/div>            <\/div>\r\n            <div class=\"inner-wrapper-full\">\r\n                <a href=\"https:\/\/samm.humark.website\/fr\/news\/\" class=\"btn\">Tous les news <\/a>            <\/div>\r\n\r\n    <\/div>\r\n<\/section>\r\n\n\n<section class=\"block-text white\">\r\n    <div class=\"wrapper\">\r\n        <div class=\"inner-wrapper full-width\"><h2 class=\"text-titel\">Pour les Athl\u00e8tes<\/h2><div class=\"content\"><p>\u00cates-vous au d\u00e9but de votre carri\u00e8re sportive ? Avez-vous d\u00e9j\u00e0 connu un succ\u00e8s international ? \u00cates-vous r\u00e9guli\u00e8rement sur le podium ou avez-vous fini la comp\u00e9tition ? Nous sommes \u00e0 l\u2019aise dans tous les types de sport et nous connaissons vos exigences.<\/p>\n<\/div><\/div>\r\n    <\/div>\r\n<\/section>\n\n\r\n<section class=\"svgbild blue\">\r\n    <div class=\"wrapper\">\r\n        <div class=\"inner-wrapper full-width\">\r\n            <img src=\"https:\/\/samm.humark.website\/wp-content\/uploads\/2019\/03\/samm_Betreuungsmodell_FR.svg\" class=\"svgmap style-svg\" \/>\r\n            <a href=\"https:\/\/samm.humark.website\/fr\/le-modele-de-support\/\/\" class=\"btn btn-leistungen\">Plus<\/a>        <\/div>\r\n    <\/div>\r\n<\/section>\r\n\n\n<section class=\"leistungen-icons black\">\r\n    <div class=\"wrapper\">\r\n\r\n        <h2 class=\"text-titel\">Services<\/h2>\r\n<section class=\"leistungen white\">\r\n    <div class=\"wrapper\">\r\n        <div class=\"leistung col8\" id=\"leistung0\">\r\n                <div class=\"leistung-icon\">\r\n                    <img src=\"https:\/\/samm.humark.website\/wp-content\/uploads\/2019\/02\/vermarktung.svg\" alt=\"\" \/>\r\n                <\/div>\r\n                <div class=\"leistung-info\">\r\n                    <h3 class=\"lesitung-title\">Marketing<\/h3>\r\n                    <div class=\"leistung-auszug\">Nous rechercherons des partenaires \/ sponsors adapt\u00e9s \u00e0 vos besoins et nous en prendrons soin. <\/div>\r\n                    <div class=\"leistung-content\"><ul>\n<li>Personnalisation des phases marketing et commerciales<\/li>\n<li>Cr\u00e9ation du concept de marketing et de la strat\u00e9gie commerciale<\/li>\n<li>D\u00e9veloppement du dossier marketing et site internet<\/li>\n<li>Production de la documentation marketing<\/li>\n<li>Cr\u00e9ation d&rsquo;une strat\u00e9gie d&rsquo;acquisition<\/li>\n<li>Acquisition de partenaires commerciaux<\/li>\n<li>Prise en charge de base de partenaires et suivis<\/li>\n<li>Negotiations des contrats<\/li>\n<li>Param\u00e8tres des objectifs et timing<\/li>\n<\/ul>\n<div class=\"leistungen-cases\">\r\n                            <h4>Cases<\/h4><a href=\"https:\/\/samm.humark.website\/fr\/success-stories\/justin-murisier\/\" class=\"btn btn-case\">Justin Murisier<\/a><a href=\"https:\/\/samm.humark.website\/fr\/success-stories\/tadesse-abraham\/\" class=\"btn btn-case\">Tadesse Abraham<\/a><a href=\"https:\/\/samm.humark.website\/fr\/success-stories\/jeannine-gmelin\/\" class=\"btn btn-case\">Jeannine Gmelin<\/a><\/div><\/div><div class=\"btn\" data-close=\"Fermer\">Plus<\/div><\/div>\r\n\r\n            <\/div><div class=\"leistung col8\" id=\"leistung1\">\r\n                <div class=\"leistung-icon\">\r\n                    <img src=\"https:\/\/samm.humark.website\/wp-content\/uploads\/2019\/02\/kommunikation.svg\" alt=\"\" \/>\r\n                <\/div>\r\n                <div class=\"leistung-info\">\r\n                    <h3 class=\"lesitung-title\">Communication<\/h3>\r\n                    <div class=\"leistung-auszug\">Nous vous placerons dans les m\u00e9dias tout en vous accompagnant dans la jungle des m\u00e9dias et r\u00e9seaux sociaux. Nous optimiserons aussi votre communication.<\/div>\r\n                    <div class=\"leistung-content\"><ul>\n<li>Cr\u00e9ation de la strat\u00e9gie et du concept de communication<\/li>\n<li>D\u00e9veloppement des instruments de communication et image de l\u2019athl\u00e8te<\/li>\n<li>Travail m\u00e9diatique actif : \u00e9valuation \/ n\u00e9gociation avec les m\u00e9dias<\/li>\n<li>Gestion des demandes de m\u00e9dias<\/li>\n<li>Mise en place et support des m\u00e9dias sociaux et du site web<\/li>\n<\/ul>\n<div class=\"leistungen-cases\">\r\n                            <h4>Cases<\/h4><a href=\"https:\/\/samm.humark.website\/fr\/success-stories\/nicola-spirig\/\" class=\"btn btn-case\">Nicola Spirig<\/a><\/div><\/div><div class=\"btn\" data-close=\"Fermer\">Plus<\/div><\/div>\r\n\r\n            <\/div><div class=\"leistung col8\" id=\"leistung2\">\r\n                <div class=\"leistung-icon\">\r\n                    <img src=\"https:\/\/samm.humark.website\/wp-content\/uploads\/2019\/02\/profile.svg\" alt=\"\" \/>\r\n                <\/div>\r\n                <div class=\"leistung-info\">\r\n                    <h3 class=\"lesitung-title\">Coaching<\/h3>\r\n                    <div class=\"leistung-auszug\">Nous serons votre confident et vous soutiendrons dans le d\u00e9veloppement de solutions personnalis\u00e9es et sp\u00e9cifiques.<\/div>\r\n                    <div class=\"leistung-content\"><ul>\n<li>Nous connaissons vos besoins<\/li>\n<li>Nous vous donnerons une vue externe<\/li>\n<li>Nous vous donnerons un aper\u00e7u<\/li>\n<li>Nous vous accompagnerons dans la mise en \u0153uvre<\/li>\n<\/ul>\n<\/div><div class=\"btn\" data-close=\"Fermer\">Plus<\/div><\/div>\r\n\r\n            <\/div><div class=\"leistung col8\" id=\"leistung3\">\r\n                <div class=\"leistung-icon\">\r\n                    <img src=\"https:\/\/samm.humark.website\/wp-content\/uploads\/2019\/02\/beratung.svg\" alt=\"\" \/>\r\n                <\/div>\r\n                <div class=\"leistung-info\">\r\n                    <h3 class=\"lesitung-title\">Conseil<\/h3>\r\n                    <div class=\"leistung-auszug\">Nous offrirons une assistance et des solutions du reseau tr\u00e8s d\u00e9velopp\u00e9 de samm. <\/div>\r\n                    <div class=\"leistung-content\"><p>Vous b\u00e9n\u00e9ficierez des services du r\u00e9seau samm dans les domaines suivants :<\/p>\n<ul>\n<li>Conseil financier<\/li>\n<li>Conseil fiscal<\/li>\n<li>Conseil en assurance<\/li>\n<li>Conseils juridiques<\/li>\n<li>R\u00e9seau de m\u00e9decine<\/li>\n<li>Services de voyage<\/li>\n<li>Conception \/ presentation<\/li>\n<\/ul>\n<\/div><div class=\"btn\" data-close=\"Fermer\">Plus<\/div><\/div>\r\n\r\n            <\/div><div class=\"leistung col8\" id=\"leistung4\">\r\n                <div class=\"leistung-icon\">\r\n                    <img src=\"https:\/\/samm.humark.website\/wp-content\/uploads\/2019\/02\/administration.svg\" alt=\"\" \/>\r\n                <\/div>\r\n                <div class=\"leistung-info\">\r\n                    <h3 class=\"lesitung-title\">Administration<\/h3>\r\n                    <div class=\"leistung-auszug\">Nous traiterons vos t\u00e2ches administratives.<\/div>\r\n                    <div class=\"leistung-content\"><ul>\n<li>Point de contact pour les demandes de renseignements<\/li>\n<li>Coordination des rendez-vous des athl\u00e8tes<\/li>\n<li>Organisation des r\u00e9servations d&rsquo;apparence des athl\u00e8tes<\/li>\n<li>Organisation \/ support d\u2019\u00e9v\u00e8nements<\/li>\n<li>Mise \u00e0 jour \/ contr\u00f4le des services des athl\u00e8tes et des partenaires<\/li>\n<li>Stockage des donn\u00e9es<\/li>\n<\/ul>\n<\/div><div class=\"btn\" data-close=\"Fermer\">Plus<\/div><\/div>\r\n\r\n            <\/div>\r\n    <\/div>\r\n<\/section>\r\n<a href=\"https:\/\/samm.humark.website\/fr\/services\/\" class=\"btn btn-leistungen btnl\">Nos Services<\/a>\r\n\r\n    <\/div>\r\n<\/section>\r\n\n\n<section class=\"google-map\"><div class=\"acf-map\"><div class=\"marker\" data-lat=\"47.1913654\" data-lng=\"8.514448700000003\"><\/div><div class=\"marker\" data-lat=\"46.5196535\" data-lng=\"6.632273400000031\"><\/div><\/div>\r\n<style type=\"text\/css\">\r\n\r\n.acf-map {\r\n\twidth: 100%;\r\n\tpadding-bottom: 85vh;\r\n}\r\n\r\n\/* fixes potential theme css conflict *\/\r\n.acf-map img {\r\n   max-width: inherit !important;\r\n}\r\n\r\n<\/style>\r\n<script type=\"text\/javascript\">\r\n\tvar img = \"https:\/\/samm.humark.website\/wp-content\/uploads\/2019\/03\/Pin_samm_RZ-1.svg\"\r\n<\/script>\r\n<script src=\"https:\/\/maps.googleapis.com\/maps\/api\/js?key=AIzaSyDZsKCL1sE2rycBGDcwLGIaHH5y57Mpk6E\"><\/script>\r\n<script type=\"text\/javascript\">\r\n(function($) {\r\n\r\n\/*\r\n*  new_map\r\n*\r\n*  This function will render a Google Map onto the selected jQuery element\r\n*\r\n*  @type\tfunction\r\n*  @date\t8\/11\/2013\r\n*  @since\t4.3.0\r\n*\r\n*  @param\t$el (jQuery element)\r\n*  @return\tn\/a\r\n*\/\r\n\r\nfunction new_map( $el ) {\r\n\r\n\t\/\/ var\r\n\tvar $markers = $el.find('.marker');\r\n\r\n\r\n\t\/\/ vars\r\n\tvar args = {\r\n\t\tzoom\t\t: 16,\r\n\t\tcenter\t\t: new google.maps.LatLng(0, 0),\r\n\t\tmapTypeId\t: google.maps.MapTypeId.ROADMAP,\r\n\t\tstyles      : [\r\n    {\r\n        \"featureType\": \"all\",\r\n        \"elementType\": \"geometry.fill\",\r\n        \"stylers\": [\r\n            {\r\n                \"weight\": \"2.00\"\r\n            }\r\n        ]\r\n    },\r\n    {\r\n        \"featureType\": \"all\",\r\n        \"elementType\": \"geometry.stroke\",\r\n        \"stylers\": [\r\n            {\r\n                \"color\": \"#9c9c9c\"\r\n            }\r\n        ]\r\n    },\r\n    {\r\n        \"featureType\": \"all\",\r\n        \"elementType\": \"labels.text\",\r\n        \"stylers\": [\r\n            {\r\n                \"visibility\": \"on\"\r\n            }\r\n        ]\r\n    },\r\n    {\r\n        \"featureType\": \"administrative.land_parcel\",\r\n        \"elementType\": \"geometry.fill\",\r\n        \"stylers\": [\r\n            {\r\n                \"visibility\": \"on\"\r\n            },\r\n            {\r\n                \"color\": \"#372305\"\r\n            },\r\n            {\r\n                \"saturation\": \"-25\"\r\n            }\r\n        ]\r\n    },\r\n    {\r\n        \"featureType\": \"landscape\",\r\n        \"elementType\": \"all\",\r\n        \"stylers\": [\r\n            {\r\n                \"color\": \"#f2f2f2\"\r\n            }\r\n        ]\r\n    },\r\n    {\r\n        \"featureType\": \"landscape\",\r\n        \"elementType\": \"geometry.fill\",\r\n        \"stylers\": [\r\n            {\r\n                \"color\": \"#ffffff\"\r\n            }\r\n        ]\r\n    },\r\n    {\r\n        \"featureType\": \"landscape.man_made\",\r\n        \"elementType\": \"geometry.fill\",\r\n        \"stylers\": [\r\n            {\r\n                \"color\": \"#ffffff\"\r\n            }\r\n        ]\r\n    },\r\n    {\r\n        \"featureType\": \"poi\",\r\n        \"elementType\": \"all\",\r\n        \"stylers\": [\r\n            {\r\n                \"visibility\": \"off\"\r\n            }\r\n        ]\r\n    },\r\n    {\r\n        \"featureType\": \"road\",\r\n        \"elementType\": \"all\",\r\n        \"stylers\": [\r\n            {\r\n                \"saturation\": -100\r\n            },\r\n            {\r\n                \"lightness\": 45\r\n            }\r\n        ]\r\n    },\r\n    {\r\n        \"featureType\": \"road\",\r\n        \"elementType\": \"geometry.fill\",\r\n        \"stylers\": [\r\n            {\r\n                \"color\": \"#eeeeee\"\r\n            }\r\n        ]\r\n    },\r\n    {\r\n        \"featureType\": \"road\",\r\n        \"elementType\": \"labels.text.fill\",\r\n        \"stylers\": [\r\n            {\r\n                \"color\": \"#7b7b7b\"\r\n            }\r\n        ]\r\n    },\r\n    {\r\n        \"featureType\": \"road\",\r\n        \"elementType\": \"labels.text.stroke\",\r\n        \"stylers\": [\r\n            {\r\n                \"color\": \"#ffffff\"\r\n            }\r\n        ]\r\n    },\r\n    {\r\n        \"featureType\": \"road.highway\",\r\n        \"elementType\": \"all\",\r\n        \"stylers\": [\r\n            {\r\n                \"visibility\": \"simplified\"\r\n            }\r\n        ]\r\n    },\r\n    {\r\n        \"featureType\": \"road.arterial\",\r\n        \"elementType\": \"labels.icon\",\r\n        \"stylers\": [\r\n            {\r\n                \"visibility\": \"off\"\r\n            }\r\n        ]\r\n    },\r\n    {\r\n        \"featureType\": \"transit\",\r\n        \"elementType\": \"all\",\r\n        \"stylers\": [\r\n            {\r\n                \"visibility\": \"off\"\r\n            }\r\n        ]\r\n    },\r\n    {\r\n        \"featureType\": \"water\",\r\n        \"elementType\": \"all\",\r\n        \"stylers\": [\r\n            {\r\n                \"color\": \"#46bcec\"\r\n            },\r\n            {\r\n                \"visibility\": \"on\"\r\n            }\r\n        ]\r\n    },\r\n    {\r\n        \"featureType\": \"water\",\r\n        \"elementType\": \"geometry.fill\",\r\n        \"stylers\": [\r\n            {\r\n                \"color\": \"#c8d7d4\"\r\n            }\r\n        ]\r\n    },\r\n    {\r\n        \"featureType\": \"water\",\r\n        \"elementType\": \"labels.text.fill\",\r\n        \"stylers\": [\r\n            {\r\n                \"color\": \"#070707\"\r\n            }\r\n        ]\r\n    },\r\n    {\r\n        \"featureType\": \"water\",\r\n        \"elementType\": \"labels.text.stroke\",\r\n        \"stylers\": [\r\n            {\r\n                \"color\": \"#ffffff\"\r\n            }\r\n        ]\r\n    }\r\n]\r\n\t};\r\n\r\n\r\n\t\/\/ create map\r\n\tvar map = new google.maps.Map( $el[0], args);\r\n\r\n\r\n\t\/\/ add a markers reference\r\n\tmap.markers = [];\r\n\r\n\r\n\t\/\/ add markers\r\n\t$markers.each(function(){\r\n\r\n\t\tadd_marker( $(this), map );\r\n\r\n\t});\r\n\r\n\r\n\t\/\/ center map\r\n\tcenter_map( map );\r\n\r\n\r\n\t\/\/ return\r\n\treturn map;\r\n\r\n}\r\n\r\n\/*\r\n*  add_marker\r\n*\r\n*  This function will add a marker to the selected Google Map\r\n*\r\n*  @type\tfunction\r\n*  @date\t8\/11\/2013\r\n*  @since\t4.3.0\r\n*\r\n*  @param\t$marker (jQuery element)\r\n*  @param\tmap (Google Map object)\r\n*  @return\tn\/a\r\n*\/\r\n\r\nfunction add_marker( $marker, map ) {\r\n\r\n\t\/\/ var\r\n\tvar latlng = new google.maps.LatLng( $marker.attr('data-lat'), $marker.attr('data-lng') );\r\n\r\n\tvar image = {\r\n\t\turl: img,\r\n\t\tsize: new google.maps.Size(90, 90),\r\n\t\torigin: new google.maps.Point(0, 0),\r\n\t\tanchor: new google.maps.Point(45, 90)\r\n\t}\r\n\r\n\t\/\/ create marker\r\n\tvar marker = new google.maps.Marker({\r\n\t\tposition\t     : latlng,\r\n\t\tscrollWheelZoom  : 'center',\r\n\t\tmap\t\t\t     : map,\r\n\t\ticon : image\r\n\t});\r\n\r\n\t\/\/,\ticon: image\r\n\r\n\r\n\t\/\/ add to array\r\n\tmap.markers.push( marker );\r\n\r\n\t\/\/ if marker contains HTML, add it to an infoWindow\r\n\tif( $marker.html() )\r\n\t{\r\n\t\t\/\/ create info window\r\n\t\tvar infowindow = new google.maps.InfoWindow({\r\n\t\t\tcontent\t\t: $marker.html()\r\n\t\t});\r\n\r\n\t\t\/\/ show info window when marker is clicked\r\n\t\tgoogle.maps.event.addListener(marker, 'click', function() {\r\n\r\n\t\t\tinfowindow.open( map, marker );\r\n\r\n\t\t});\r\n\t}\r\n\r\n}\r\n\r\n\/*\r\n*  center_map\r\n*\r\n*  This function will center the map, showing all markers attached to this map\r\n*\r\n*  @type\tfunction\r\n*  @date\t8\/11\/2013\r\n*  @since\t4.3.0\r\n*\r\n*  @param\tmap (Google Map object)\r\n*  @return\tn\/a\r\n*\/\r\n\r\nfunction center_map( map ) {\r\n\r\n\t\/\/ vars\r\n\tvar bounds = new google.maps.LatLngBounds();\r\n\r\n\t\/\/ loop through all markers and create bounds\r\n\t$.each( map.markers, function( i, marker ){\r\n\r\n\t\tvar latlng = new google.maps.LatLng( marker.position.lat(), marker.position.lng() );\r\n\r\n\t\tbounds.extend( latlng );\r\n\r\n\t});\r\n\r\n\t\/\/ only 1 marker?\r\n\tif( map.markers.length == 1 )\r\n\t{\r\n\t\t\/\/ set center of map\r\n\t\tmap.setCenter( bounds.getCenter() );\r\n\t\tmap.setZoom( 8 );\r\n\t}\r\n\telse\r\n\t{\r\n\t\t\/\/ fit to bounds\r\n\t\tmap.fitBounds( bounds );\r\n\t}\r\n\r\n}\r\n\r\n\/*\r\n*  document ready\r\n*\r\n*  This function will render each map when the document is ready (page has loaded)\r\n*\r\n*  @type\tfunction\r\n*  @date\t8\/11\/2013\r\n*  @since\t5.0.0\r\n*\r\n*  @param\tn\/a\r\n*  @return\tn\/a\r\n*\/\r\n\/\/ global var\r\nvar map = null;\r\n\r\n$(document).ready(function(){\r\n\r\n\t$('.acf-map').each(function(){\r\n\r\n\t\t\/\/ create map\r\n\t\tmap = new_map( $(this) );\r\n\r\n\t});\r\n\r\n});\r\n\r\n})(jQuery);\r\n<\/script>\r\n<\/section>","protected":false},"excerpt":{"rendered":"","protected":false},"author":1,"featured_media":0,"parent":0,"menu_order":0,"comment_status":"closed","ping_status":"closed","template":"","meta":[],"_links":{"self":[{"href":"https:\/\/samm.humark.website\/fr\/wp-json\/wp\/v2\/pages\/1586\/"}],"collection":[{"href":"https:\/\/samm.humark.website\/fr\/wp-json\/wp\/v2\/pages\/"}],"about":[{"href":"https:\/\/samm.humark.website\/fr\/wp-json\/wp\/v2\/types\/page\/"}],"author":[{"embeddable":true,"href":"https:\/\/samm.humark.website\/fr\/wp-json\/wp\/v2\/users\/1\/"}],"replies":[{"embeddable":true,"href":"https:\/\/samm.humark.website\/fr\/wp-json\/wp\/v2\/comments\/?post=1586"}],"version-history":[{"count":21,"href":"https:\/\/samm.humark.website\/fr\/wp-json\/wp\/v2\/pages\/1586\/revisions\/"}],"predecessor-version":[{"id":2560,"href":"https:\/\/samm.humark.website\/fr\/wp-json\/wp\/v2\/pages\/1586\/revisions\/2560\/"}],"wp:attachment":[{"href":"https:\/\/samm.humark.website\/fr\/wp-json\/wp\/v2\/media\/?parent=1586"}],"curies":[{"name":"wp","href":"https:\/\/api.w.org\/{rel}","templated":true}]}}