{"id":1596,"date":"2019-02-23T09:25:06","date_gmt":"2019-02-23T09:25:06","guid":{"rendered":"http:\/\/samm-group.ch\/wprs\/leistungen\/"},"modified":"2019-03-22T11:05:26","modified_gmt":"2019-03-22T10:05:26","slug":"services","status":"publish","type":"page","link":"https:\/\/samm.humark.website\/fr\/services\/","title":{"rendered":"Services"},"content":{"rendered":"<section class=\"block-titel white\">\r\n    <div class=\"wrapper\">\r\n        <h1>Services<\/h1>\r\n    <\/div>\r\n<\/section>\n\n<section class=\"block-text grey\">\r\n    <div class=\"wrapper\">\r\n        <div class=\"inner-wrapper full-width\"><h2 class=\"text-titel\">Ce que nous ferons pour vous<\/h2><div class=\"content\"><p>Nous vous proposerons cinq services que vous pourrez combiner en modules ou en package par rapport \u00e0 vos besoins, \u00e0 votre budgets et \u00e0 vos objectifs. Vous serez suivis pas l&rsquo;\u00e9quipe op\u00e9rationnelle \u00e0 Baar et \u00e0 Lausanne.<\/p>\n<\/div><\/div>\r\n    <\/div>\r\n<\/section>\n\n\r\n<section class=\"leistungen white\">\r\n    <div class=\"wrapper\">\r\n        <div class=\"leistung col8\" id=\"leistung0\">\r\n                <div class=\"leistung-icon\">\r\n                    <img src=\"https:\/\/samm.humark.website\/wp-content\/uploads\/2019\/02\/vermarktung.svg\" alt=\"\" \/>\r\n                <\/div>\r\n                <div class=\"leistung-info\">\r\n                    <h3 class=\"lesitung-title\">Marketing<\/h3>\r\n                    <div class=\"leistung-auszug\">Nous rechercherons des partenaires \/ sponsors adapt\u00e9s \u00e0 vos besoins et nous en prendrons soin. <\/div>\r\n                    <div class=\"leistung-content\"><ul>\n<li>Personnalisation des phases marketing et commerciales<\/li>\n<li>Cr\u00e9ation du concept de marketing et de la strat\u00e9gie commerciale<\/li>\n<li>D\u00e9veloppement du dossier marketing et site internet<\/li>\n<li>Production de la documentation marketing<\/li>\n<li>Cr\u00e9ation d&rsquo;une strat\u00e9gie d&rsquo;acquisition<\/li>\n<li>Acquisition de partenaires commerciaux<\/li>\n<li>Prise en charge de base de partenaires et suivis<\/li>\n<li>Negotiations des contrats<\/li>\n<li>Param\u00e8tres des objectifs et timing<\/li>\n<\/ul>\n<div class=\"leistungen-cases\">\r\n                            <h4>Cases<\/h4><a href=\"https:\/\/samm.humark.website\/fr\/success-stories\/justin-murisier\/\" class=\"btn btn-case\">Justin Murisier<\/a><a href=\"https:\/\/samm.humark.website\/fr\/success-stories\/tadesse-abraham\/\" class=\"btn btn-case\">Tadesse Abraham<\/a><a href=\"https:\/\/samm.humark.website\/fr\/success-stories\/jeannine-gmelin\/\" class=\"btn btn-case\">Jeannine Gmelin<\/a><\/div><\/div><div class=\"btn\" data-close=\"Fermer\">Plus<\/div><\/div>\r\n\r\n            <\/div><div class=\"leistung col8\" id=\"leistung1\">\r\n                <div class=\"leistung-icon\">\r\n                    <img src=\"https:\/\/samm.humark.website\/wp-content\/uploads\/2019\/02\/kommunikation.svg\" alt=\"\" \/>\r\n                <\/div>\r\n                <div class=\"leistung-info\">\r\n                    <h3 class=\"lesitung-title\">Communication<\/h3>\r\n                    <div class=\"leistung-auszug\">Nous vous placerons dans les m\u00e9dias tout en vous accompagnant dans la jungle des m\u00e9dias et r\u00e9seaux sociaux. Nous optimiserons aussi votre communication.<\/div>\r\n                    <div class=\"leistung-content\"><ul>\n<li>Cr\u00e9ation de la strat\u00e9gie et du concept de communication<\/li>\n<li>D\u00e9veloppement des instruments de communication et image de l\u2019athl\u00e8te<\/li>\n<li>Travail m\u00e9diatique actif : \u00e9valuation \/ n\u00e9gociation avec les m\u00e9dias<\/li>\n<li>Gestion des demandes de m\u00e9dias<\/li>\n<li>Mise en place et support des m\u00e9dias sociaux et du site web<\/li>\n<\/ul>\n<div class=\"leistungen-cases\">\r\n                            <h4>Cases<\/h4><a href=\"https:\/\/samm.humark.website\/fr\/success-stories\/nicola-spirig\/\" class=\"btn btn-case\">Nicola Spirig<\/a><\/div><\/div><div class=\"btn\" data-close=\"Fermer\">Plus<\/div><\/div>\r\n\r\n            <\/div><div class=\"leistung col8\" id=\"leistung2\">\r\n                <div class=\"leistung-icon\">\r\n                    <img src=\"https:\/\/samm.humark.website\/wp-content\/uploads\/2019\/02\/profile.svg\" alt=\"\" \/>\r\n                <\/div>\r\n                <div class=\"leistung-info\">\r\n                    <h3 class=\"lesitung-title\">Coaching<\/h3>\r\n                    <div class=\"leistung-auszug\">Nous serons votre confident et vous soutiendrons dans le d\u00e9veloppement de solutions personnalis\u00e9es et sp\u00e9cifiques.<\/div>\r\n                    <div class=\"leistung-content\"><ul>\n<li>Nous connaissons vos besoins<\/li>\n<li>Nous vous donnerons une vue externe<\/li>\n<li>Nous vous donnerons un aper\u00e7u<\/li>\n<li>Nous vous accompagnerons dans la mise en \u0153uvre<\/li>\n<\/ul>\n<\/div><div class=\"btn\" data-close=\"Fermer\">Plus<\/div><\/div>\r\n\r\n            <\/div><div class=\"leistung col8\" id=\"leistung3\">\r\n                <div class=\"leistung-icon\">\r\n                    <img src=\"https:\/\/samm.humark.website\/wp-content\/uploads\/2019\/02\/beratung.svg\" alt=\"\" \/>\r\n                <\/div>\r\n                <div class=\"leistung-info\">\r\n                    <h3 class=\"lesitung-title\">Conseil<\/h3>\r\n                    <div class=\"leistung-auszug\">Nous offrirons une assistance et des solutions du reseau tr\u00e8s d\u00e9velopp\u00e9 de samm. <\/div>\r\n                    <div class=\"leistung-content\"><p>Vous b\u00e9n\u00e9ficierez des services du r\u00e9seau samm dans les domaines suivants :<\/p>\n<ul>\n<li>Conseil financier<\/li>\n<li>Conseil fiscal<\/li>\n<li>Conseil en assurance<\/li>\n<li>Conseils juridiques<\/li>\n<li>R\u00e9seau de m\u00e9decine<\/li>\n<li>Services de voyage<\/li>\n<li>Conception \/ presentation<\/li>\n<\/ul>\n<\/div><div class=\"btn\" data-close=\"Fermer\">Plus<\/div><\/div>\r\n\r\n            <\/div><div class=\"leistung col8\" id=\"leistung4\">\r\n                <div class=\"leistung-icon\">\r\n                    <img src=\"https:\/\/samm.humark.website\/wp-content\/uploads\/2019\/02\/administration.svg\" alt=\"\" \/>\r\n                <\/div>\r\n                <div class=\"leistung-info\">\r\n                    <h3 class=\"lesitung-title\">Administration<\/h3>\r\n                    <div class=\"leistung-auszug\">Nous traiterons vos t\u00e2ches administratives.<\/div>\r\n                    <div class=\"leistung-content\"><ul>\n<li>Point de contact pour les demandes de renseignements<\/li>\n<li>Coordination des rendez-vous des athl\u00e8tes<\/li>\n<li>Organisation des r\u00e9servations d&rsquo;apparence des athl\u00e8tes<\/li>\n<li>Organisation \/ support d\u2019\u00e9v\u00e8nements<\/li>\n<li>Mise \u00e0 jour \/ contr\u00f4le des services des athl\u00e8tes et des partenaires<\/li>\n<li>Stockage des donn\u00e9es<\/li>\n<\/ul>\n<\/div><div class=\"btn\" data-close=\"Fermer\">Plus<\/div><\/div>\r\n\r\n            <\/div>\r\n    <\/div>\r\n<\/section>\r\n\n\n<section class=\"block-text blue\">\r\n    <div class=\"wrapper\">\r\n        <div class=\"inner-wrapper full-width\"><h2 class=\"text-titel\">Pas ce que vous recherchez ?<\/h2><a href=\"https:\/\/samm.humark.website\/fr\/contact\/\" class=\"btn\">Contact<\/a><\/div>\r\n    <\/div>\r\n<\/section>","protected":false},"excerpt":{"rendered":"","protected":false},"author":1,"featured_media":0,"parent":0,"menu_order":0,"comment_status":"closed","ping_status":"closed","template":"","meta":[],"_links":{"self":[{"href":"https:\/\/samm.humark.website\/fr\/wp-json\/wp\/v2\/pages\/1596\/"}],"collection":[{"href":"https:\/\/samm.humark.website\/fr\/wp-json\/wp\/v2\/pages\/"}],"about":[{"href":"https:\/\/samm.humark.website\/fr\/wp-json\/wp\/v2\/types\/page\/"}],"author":[{"embeddable":true,"href":"https:\/\/samm.humark.website\/fr\/wp-json\/wp\/v2\/users\/1\/"}],"replies":[{"embeddable":true,"href":"https:\/\/samm.humark.website\/fr\/wp-json\/wp\/v2\/comments\/?post=1596"}],"version-history":[{"count":36,"href":"https:\/\/samm.humark.website\/fr\/wp-json\/wp\/v2\/pages\/1596\/revisions\/"}],"predecessor-version":[{"id":2564,"href":"https:\/\/samm.humark.website\/fr\/wp-json\/wp\/v2\/pages\/1596\/revisions\/2564\/"}],"wp:attachment":[{"href":"https:\/\/samm.humark.website\/fr\/wp-json\/wp\/v2\/media\/?parent=1596"}],"curies":[{"name":"wp","href":"https:\/\/api.w.org\/{rel}","templated":true}]}}