{"id":1625,"date":"2019-02-23T09:24:45","date_gmt":"2019-02-23T09:24:45","guid":{"rendered":"http:\/\/samm-group.ch\/wprs\/betreuungsmodell\/"},"modified":"2019-04-05T12:08:12","modified_gmt":"2019-04-05T11:08:12","slug":"le-modele-de-support","status":"publish","type":"page","link":"https:\/\/samm.humark.website\/fr\/le-modele-de-support\/","title":{"rendered":"Notre Concept"},"content":{"rendered":"<section class=\"block-titel white\">\r\n    <div class=\"wrapper\">\r\n        <h1>Notre Concept<\/h1>\r\n    <\/div>\r\n<\/section>\n\n<section class=\"block-text grey\">\r\n    <div class=\"wrapper\">\r\n        <div class=\"inner-wrapper full-width\"><h2 class=\"text-titel\">\u00cates-vous un athl\u00e8te en plein essor et vous souhaitez \u00eatre suivis par des professionnels dans le monde du sport management?<\/h2><div class=\"content\"><p>Avez-vous d\u00e9j\u00e0 <span lang=\"FR-CH\">connu du <\/span>succ\u00e8s <span lang=\"FR-CH\">sur la sc\u00e8ne sportive internationale ou nationale?<\/span>\u00a0Avez-vous besoin <span lang=\"FR-CH\">d\u2019un support du c\u00f4t\u00e9 des m\u00e9dias, un suivi sur le plan commercial ou marketing, un conseil financier sur votre carri\u00e8re ou m\u00eame d\u2019un soutien au niveau administratif<\/span>? Tu arrives en fin de carri\u00e8re et as besoin un planning pour la vie apr\u00e8s le sport?<\/p>\n<p>samm vous accompagnera dans votre parcours d\u2019athl\u00e8te. Avec des services individuels <span lang=\"FR-CH\">et adapt\u00e9s \u00e0 vos besoins. Cela vous permettra de <\/span>vous concentrer sur votre sport <span lang=\"FR-CH\">durant ou apr\u00e8s votre carri\u00e8re.<\/span><\/p>\n<\/div><\/div>\r\n    <\/div>\r\n<\/section>\n\n\r\n<section class=\"svgbild white\">\r\n    <div class=\"wrapper\">\r\n        <div class=\"inner-wrapper full-width\">\r\n            <img src=\"https:\/\/samm.humark.website\/wp-content\/uploads\/2019\/03\/samm_Betreuungsmodell_FR_2.svg\" class=\"svgmap style-svg\" \/>\r\n            <a href=\"https:\/\/samm.humark.website\/fr\/le-modele-de-support\/\/\" class=\"btn btn-leistungen\">Plus<\/a>        <\/div>\r\n    <\/div>\r\n<\/section>\r\n\n\n<section class=\"block-text block-spaltenwhite\">\r\n    <div class=\"wrapper\">\r\n        <div class=\"inner-wrapper\"><h2 class=\"text-titel\">Chemin de l&rsquo;athl\u00e8te<\/h2><div class=\"text-boxes content\"><div class=\"text-box\" id=\"box1\"><img class=\"icon\" src=\"https:\/\/samm.humark.website\/wp-content\/uploads\/2019\/03\/samm_Startblock_1zu1.svg\" \/><h2 class=\"text-titel\">Athl\u00e8te startup<\/h2><div class=\"text-box-content\"><p>Vous \u00eates un jeune athl\u00e8te, vous faites partie de l\u2019\u00e9lite nationale <span lang=\"FR-CH\">ou internationale <\/span>et vous souhaitez aborder <span lang=\"FR-CH\">votre carri\u00e8re <\/span>de mani\u00e8re professionnelle.\u00a0<span lang=\"FR-CH\">Suite \u00e0 un plan strat\u00e9gique, <\/span>samm vous aidera \u00e0 \u00e9tablir vos canaux de communication, vous placera dans les m\u00e9dias r\u00e9gionaux, <span lang=\"FR-CH\">d\u00e9veloppera votre plan marketing, <\/span>recherchera vos premiers partenaires, vous assistera dans l\u2019administration et sera votre personne de contact <span lang=\"FR-CH\">pour tous les jours.<\/span><\/p>\n<\/div><\/div><div class=\"text-box\" id=\"box2\"><img class=\"icon\" src=\"https:\/\/samm.humark.website\/wp-content\/uploads\/2019\/03\/samm_Runners_1zu1.svg\" \/><h2 class=\"text-titel\">Athl\u00e8te montant<\/h2><div class=\"text-box-content\"><p>Vous avez <span lang=\"FR-CH\">connu<\/span> vos premiers succ\u00e8s internationaux <span lang=\"FR-CH\">et avez une carri\u00e8re tr\u00e8s prometteuse.<\/span> samm augmentera votre profil <span lang=\"FR-CH\">m\u00e9diatique de mani\u00e8re cibl\u00e9e et strat\u00e9gique \u00e0 travers la presse et des campagnes de marketing. Nous d\u00e9velopperons votre plan marketing personnalis\u00e9 et rechercherons \u00e0 <\/span>augmenter <span lang=\"FR-CH\">vos revenus commerciaux tout en vous soutenant <\/span>dans l\u2019administration<span lang=\"FR-CH\">.<\/span><\/p>\n<\/div><\/div><div class=\"text-box\" id=\"box3\"><img class=\"icon\" src=\"https:\/\/samm.humark.website\/wp-content\/uploads\/2019\/03\/samm_Medaille_1zu1.svg\" \/><h2 class=\"text-titel\">Athl\u00e8te maturit\u00e9<\/h2><div class=\"text-box-content\"><p>Vous faites partie de l\u2019\u00e9lite mondiale. Vous \u00eates au centre des m\u00e9dias et <span lang=\"FR-CH\">vous avez du potentiel promotionel et du commercial inexploit\u00e9, <\/span>samm <span lang=\"FR-CH\">s\u2019occupera de tout\u00a0de v<\/span>os apparitions dans les m\u00e9dias, <span lang=\"FR-CH\">du<\/span> <span lang=\"FR-CH\">management des partenaires<\/span>, <span lang=\"FR-CH\">du planning marketing, des logistiques, de l\u2019administration et de votre programme financier.<\/span><\/p>\n<\/div><\/div><div class=\"text-box\" id=\"box4\"><img class=\"icon\" src=\"https:\/\/samm.humark.website\/wp-content\/uploads\/2019\/03\/samm_Finish_1zu1.svg\" \/><h2 class=\"text-titel\">Athl\u00e8te retrait\u00e9<\/h2><div class=\"text-box-content\"><p>Vous avez <span lang=\"FR-CH\">quitt\u00e9 le monde de<\/span> la comp\u00e9tition mais vous souhaitez continuer \u00e0 <span lang=\"FR-CH\">capitaliser sur votre carri\u00e8re<\/span>. samm \u00e9laborera avec vous un plan de soutien personnalis\u00e9. Cela inclut <span lang=\"FR-CH\">une<\/span> communication m\u00e9dia <span lang=\"FR-CH\">continue<\/span>, la gestion des partenariats<span lang=\"FR-CH\"> nouveaux et existants<\/span>, <span lang=\"FR-CH\">un plan marketing, <\/span>les services du r\u00e9seau samm et <span lang=\"FR-CH\">dans<\/span> l\u2019administration.<\/p>\n<\/div><\/div><\/div><\/div>\r\n    <\/div>\r\n<\/section>\n\n<section class=\"block-text blue\">\r\n    <div class=\"wrapper\">\r\n        <div class=\"inner-wrapper full-width\"><h2 class=\"text-titel\">A vos marques, pr\u00eats, partez!<\/h2><a href=\"https:\/\/samm.humark.website\/fr\/contact\/\" class=\"btn\">Contact<\/a><\/div>\r\n    <\/div>\r\n<\/section>","protected":false},"excerpt":{"rendered":"","protected":false},"author":1,"featured_media":0,"parent":0,"menu_order":0,"comment_status":"closed","ping_status":"closed","template":"","meta":[],"_links":{"self":[{"href":"https:\/\/samm.humark.website\/fr\/wp-json\/wp\/v2\/pages\/1625\/"}],"collection":[{"href":"https:\/\/samm.humark.website\/fr\/wp-json\/wp\/v2\/pages\/"}],"about":[{"href":"https:\/\/samm.humark.website\/fr\/wp-json\/wp\/v2\/types\/page\/"}],"author":[{"embeddable":true,"href":"https:\/\/samm.humark.website\/fr\/wp-json\/wp\/v2\/users\/1\/"}],"replies":[{"embeddable":true,"href":"https:\/\/samm.humark.website\/fr\/wp-json\/wp\/v2\/comments\/?post=1625"}],"version-history":[{"count":63,"href":"https:\/\/samm.humark.website\/fr\/wp-json\/wp\/v2\/pages\/1625\/revisions\/"}],"predecessor-version":[{"id":2717,"href":"https:\/\/samm.humark.website\/fr\/wp-json\/wp\/v2\/pages\/1625\/revisions\/2717\/"}],"wp:attachment":[{"href":"https:\/\/samm.humark.website\/fr\/wp-json\/wp\/v2\/media\/?parent=1625"}],"curies":[{"name":"wp","href":"https:\/\/api.w.org\/{rel}","templated":true}]}}