{"id":1647,"date":"2019-02-23T09:25:39","date_gmt":"2019-02-23T09:25:39","guid":{"rendered":"http:\/\/samm-group.ch\/wprs\/success-stories\/"},"modified":"2019-03-22T16:12:49","modified_gmt":"2019-03-22T15:12:49","slug":"histoires-de-reussite","status":"publish","type":"page","link":"https:\/\/samm.humark.website\/fr\/histoires-de-reussite\/","title":{"rendered":"Success Stories"},"content":{"rendered":"<section class=\"block-titel white\">\r\n    <div class=\"wrapper\">\r\n        <h1>Success Stories<\/h1>\r\n    <\/div>\r\n<\/section>\n\n<section class=\"block-text grey\">\r\n    <div class=\"wrapper\">\r\n        <div class=\"inner-wrapper full-width\"><h2 class=\"text-titel\">Notre approche<\/h2><div class=\"content\"><p>L\u2019athl\u00e8te et <span lang=\"FR-CH\">le sponsor<\/span> sont satisfaits <span lang=\"FR-CH\">d\u00e8s lors qu\u2019il y a une coh\u00e9rence et une harmonie dans le partenariat qui fait du sens sur du long-terme. Nous nous assurons que les partenaires de nos clients re\u00e7oivent un accompagnement administratif et cr\u00e9atif de premi\u00e8re classe. Au-del\u00e0 de la performance de l\u2019athl\u00e8te, la plupart des <\/span>sponsors <span lang=\"FR-CH\">aiment<\/span> une communication claire et une pr\u00e9sence m\u00e9diatique r\u00e9guli\u00e8re. <span lang=\"FR-CH\">De plus, une<\/span> administration bien organis\u00e9e <span lang=\"FR-CH\">permet<\/span> \u00e0 l\u2019athl\u00e8te <span lang=\"FR-CH\">de se donner \u00e0 fond dans<\/span> son sport et <span lang=\"FR-CH\">le <\/span>soulage <span lang=\"FR-CH\">des longues t\u00e2ches logistiques stressantes<\/span>. <span lang=\"FR-CH\">Il va sans dire que si <\/span>l<span lang=\"FR-CH\">a<\/span> communication <span lang=\"FR-CH\">est bien <\/span>g\u00e9r\u00e9e<span lang=\"FR-CH\">, m\u00eame dans une situation de crise, cela peut engendrer<\/span> <span lang=\"FR-CH\">dans certains cas <\/span>une excellente publicit\u00e9<span lang=\"FR-CH\">, <\/span>pour l\u2019athl\u00e8te, <span lang=\"FR-CH\">le <\/span>partenaire et <span lang=\"FR-CH\">m\u00eame pour <\/span>l\u2019agence.\u00a0Comme le d\u00e9montre nos exemples.<\/p>\n<\/div><\/div>\r\n    <\/div>\r\n<\/section>\n\n<section class=\"referenzen white\">\r\n    <div class=\"wrapper\">\r\n\r\n        <div class=\"case col6\">\r\n                        <a href=\"https:\/\/samm.humark.website\/fr\/success-stories\/marketing-avec-temoignages\/\" class=\"case-avatar-wrapper\">\r\n                            <div class=\"case-avatar\" style=\"background:url(https:\/\/samm.humark.website\/wp-content\/uploads\/2019\/03\/samm_group_Case.jpg) center center \/ cover no-repeat #D0F8FF\"><\/div>\r\n                        <\/a>\r\n                        <div class=\"case-info\">\r\n                            <h3>Marketing avec T\u00e9moignages<\/h3>\r\n                            <span><\/span>\r\n                            <a href=\"https:\/\/samm.humark.website\/fr\/success-stories\/marketing-avec-temoignages\/\" class=\"btn\">Case<\/a><div class=\"socialmedia\"><\/div><\/div>\r\n                    <\/div><div class=\"case col6\">\r\n                        <a href=\"https:\/\/samm.humark.website\/fr\/success-stories\/jeannine-gmelin\/\" class=\"case-avatar-wrapper\">\r\n                            <div class=\"case-avatar\" style=\"background:url(https:\/\/samm.humark.website\/wp-content\/uploads\/2019\/02\/37879463_997205227113646_335271293223960576_n.jpg) center center \/ cover no-repeat #D0F8FF\"><\/div>\r\n                        <\/a>\r\n                        <div class=\"case-info\">\r\n                            <h3>Jeannine Gmelin<\/h3>\r\n                            <span>L\u2019aviron<\/span>\r\n                            <a href=\"https:\/\/samm.humark.website\/fr\/success-stories\/jeannine-gmelin\/\" class=\"btn\">Case<\/a><div class=\"socialmedia\"><a href=\"https:\/\/www.instagram.com\/jeanninegmelin\/\" style=\"background:url(https:\/\/samm.humark.website\/wp-content\/uploads\/2019\/02\/instagram-blau.svg) center center no-repeat\" target=\"_blank\"><\/a><a href=\"https:\/\/www.facebook.com\/gmelinjeannine\/\" style=\"background:url(https:\/\/samm.humark.website\/wp-content\/uploads\/2019\/02\/facebook-blau.svg) center center no-repeat\" target=\"_blank\"><\/a><a href=\"https:\/\/jeanninegmelin.ch\/\" style=\"background:url(https:\/\/samm.humark.website\/wp-content\/uploads\/2019\/03\/Website_Links.svg) center center no-repeat\" target=\"_blank\"><\/a><\/div><\/div>\r\n                    <\/div><div class=\"case col6\">\r\n                        <a href=\"https:\/\/samm.humark.website\/fr\/success-stories\/tadesse-abraham\/\" class=\"case-avatar-wrapper\">\r\n                            <div class=\"case-avatar\" style=\"background:url(https:\/\/samm.humark.website\/wp-content\/uploads\/2019\/02\/Bildschirmfoto-2019-03-12-um-09.59.41.png) center center \/ cover no-repeat #D0F8FF\"><\/div>\r\n                        <\/a>\r\n                        <div class=\"case-info\">\r\n                            <h3>Tadesse Abraham<\/h3>\r\n                            <span>Marathon<\/span>\r\n                            <a href=\"https:\/\/samm.humark.website\/fr\/success-stories\/tadesse-abraham\/\" class=\"btn\">Case<\/a><div class=\"socialmedia\"><a href=\"https:\/\/www.instagram.com\/tadesse_abraham_official\/ \" style=\"background:url(https:\/\/samm.humark.website\/wp-content\/uploads\/2019\/02\/instagram-blau.svg) center center no-repeat\" target=\"_blank\"><\/a><a href=\"https:\/\/www.facebook.com\/tadesse.abraham.official\/\" style=\"background:url(https:\/\/samm.humark.website\/wp-content\/uploads\/2019\/02\/facebook-blau.svg) center center no-repeat\" target=\"_blank\"><\/a><a href=\"http:\/\/www.tadesse-abraham.ch\" style=\"background:url(https:\/\/samm.humark.website\/wp-content\/uploads\/2019\/03\/Website_Links.svg) center center no-repeat\" target=\"_blank\"><\/a><\/div><\/div>\r\n                    <\/div><div class=\"case col6\">\r\n                        <a href=\"https:\/\/samm.humark.website\/fr\/success-stories\/justin-murisier\/\" class=\"case-avatar-wrapper\">\r\n                            <div class=\"case-avatar\" style=\"background:url(https:\/\/samm.humark.website\/wp-content\/uploads\/2019\/03\/ALPIMAGES-20-1.jpeg) center center \/ cover no-repeat #D0F8FF\"><\/div>\r\n                        <\/a>\r\n                        <div class=\"case-info\">\r\n                            <h3>Justin Murisier<\/h3>\r\n                            <span>Ski alpin<\/span>\r\n                            <a href=\"https:\/\/samm.humark.website\/fr\/success-stories\/justin-murisier\/\" class=\"btn\">Case<\/a><div class=\"socialmedia\"><a href=\"https:\/\/www.instagram.com\/justin_murisier\/\" style=\"background:url(https:\/\/samm.humark.website\/wp-content\/uploads\/2019\/02\/instagram-blau.svg) center center no-repeat\" target=\"_blank\"><\/a><a href=\"https:\/\/de-de.facebook.com\/JustinMurisier\/\" style=\"background:url(https:\/\/samm.humark.website\/wp-content\/uploads\/2019\/02\/facebook-blau.svg) center center no-repeat\" target=\"_blank\"><\/a><a href=\"https:\/\/justinmurisier.com\" style=\"background:url(https:\/\/samm.humark.website\/wp-content\/uploads\/2019\/03\/Website_Links.svg) center center no-repeat\" target=\"_blank\"><\/a><\/div><\/div>\r\n                    <\/div><div class=\"case col6\">\r\n                        <a href=\"https:\/\/samm.humark.website\/fr\/success-stories\/nicola-spirig\/\" class=\"case-avatar-wrapper\">\r\n                            <div class=\"case-avatar\" style=\"background:url(https:\/\/samm.humark.website\/wp-content\/uploads\/2019\/03\/samm_group_Nicola_Spirig_Portrait.jpg) center center \/ cover no-repeat #D0F8FF\"><\/div>\r\n                        <\/a>\r\n                        <div class=\"case-info\">\r\n                            <h3>Nicola Spirig<\/h3>\r\n                            <span>Triathlon<\/span>\r\n                            <a href=\"https:\/\/samm.humark.website\/fr\/success-stories\/nicola-spirig\/\" class=\"btn\">Case<\/a><div class=\"socialmedia\"><a href=\"https:\/\/www.instagram.com\/nicolaspirigofficial\/\" style=\"background:url(https:\/\/samm.humark.website\/wp-content\/uploads\/2019\/02\/instagram-blau.svg) center center no-repeat\" target=\"_blank\"><\/a><a href=\"https:\/\/www.facebook.com\/nicola.spirig\" style=\"background:url(https:\/\/samm.humark.website\/wp-content\/uploads\/2019\/02\/facebook-blau.svg) center center no-repeat\" target=\"_blank\"><\/a><a href=\"http:\/\/www.nicolaspirig.ch\" style=\"background:url(https:\/\/samm.humark.website\/wp-content\/uploads\/2019\/03\/Website_Links.svg) center center no-repeat\" target=\"_blank\"><\/a><\/div><\/div>\r\n                    <\/div>\r\n\r\n    <\/div>\r\n<\/section>\r\n\n\n<section class=\"block-text blue\">\r\n    <div class=\"wrapper\">\r\n        <div class=\"inner-wrapper full-width\"><h2 class=\"text-titel\">Toujours \u00e0 l&rsquo;\u00e9tat pr\u00e9caire?<\/h2><a href=\"https:\/\/samm.humark.website\/fr\/contact\/\" class=\"btn\">Contact<\/a><\/div>\r\n    <\/div>\r\n<\/section>","protected":false},"excerpt":{"rendered":"","protected":false},"author":1,"featured_media":0,"parent":0,"menu_order":0,"comment_status":"closed","ping_status":"closed","template":"","meta":[],"_links":{"self":[{"href":"https:\/\/samm.humark.website\/fr\/wp-json\/wp\/v2\/pages\/1647\/"}],"collection":[{"href":"https:\/\/samm.humark.website\/fr\/wp-json\/wp\/v2\/pages\/"}],"about":[{"href":"https:\/\/samm.humark.website\/fr\/wp-json\/wp\/v2\/types\/page\/"}],"author":[{"embeddable":true,"href":"https:\/\/samm.humark.website\/fr\/wp-json\/wp\/v2\/users\/1\/"}],"replies":[{"embeddable":true,"href":"https:\/\/samm.humark.website\/fr\/wp-json\/wp\/v2\/comments\/?post=1647"}],"version-history":[{"count":19,"href":"https:\/\/samm.humark.website\/fr\/wp-json\/wp\/v2\/pages\/1647\/revisions\/"}],"predecessor-version":[{"id":2595,"href":"https:\/\/samm.humark.website\/fr\/wp-json\/wp\/v2\/pages\/1647\/revisions\/2595\/"}],"wp:attachment":[{"href":"https:\/\/samm.humark.website\/fr\/wp-json\/wp\/v2\/media\/?parent=1647"}],"curies":[{"name":"wp","href":"https:\/\/api.w.org\/{rel}","templated":true}]}}