{"id":1711,"date":"2019-02-23T09:25:25","date_gmt":"2019-02-23T09:25:25","guid":{"rendered":"http:\/\/samm-group.ch\/wprs\/team\/"},"modified":"2019-03-14T12:38:20","modified_gmt":"2019-03-14T12:38:20","slug":"equipe","status":"publish","type":"page","link":"https:\/\/samm.humark.website\/fr\/equipe\/","title":{"rendered":"\u00c9quipe"},"content":{"rendered":"<section class=\"block-titel white\">\r\n    <div class=\"wrapper\">\r\n        <h1>\u00c9quipe<\/h1>\r\n    <\/div>\r\n<\/section>\n\n<section class=\"block-text grey\">\r\n    <div class=\"wrapper\">\r\n        <div class=\"inner-wrapper full-width\"><h2 class=\"text-titel\"><p>Voici samm.<\/p><\/h2><div class=\"content\"><p>Nous sommes une \u00e9quipe qui se compl\u00e8te de mani\u00e8re id\u00e9ale en ce qui concerne le bagage, l&rsquo;exp\u00e9rience et le savoir-faire dans les domaines du marketing, du sponsoring, de la communication et de la finance. Nous sommes tous activement impliqu\u00e9s dans l&rsquo;entreprise et disponibles \u00e0 tout moment pour nos athl\u00e8tes.<\/p>\n<\/div><\/div>\r\n    <\/div>\r\n<\/section>\n\n<section class=\"team white\">\r\n    <div class=\"wrapper\">\r\n        <div class=\"inner-wrapper\">\r\n\r\n        <a href=\"https:\/\/samm.humark.website\/fr\/team\/sebastien-thom\/\" class=\"col3 team-link\">\r\n                        <div class=\"case-avatar-wrapper\">\r\n                            <div class=\"case-avatar\" style=\"background:url(https:\/\/samm.humark.website\/wp-content\/uploads\/2019\/03\/Sebastien_Thom_samm_group.jpg) center center \/ cover no-repeat #D0F8FF\"><\/div>\r\n                        <\/div>\r\n\r\n                        <h2>S\u00e9bastien Thom<\/h2><h3>Managing Director<\/h3><\/a><a href=\"https:\/\/samm.humark.website\/fr\/team\/daniela-gisler\/\" class=\"col3 team-link\">\r\n                        <div class=\"case-avatar-wrapper\">\r\n                            <div class=\"case-avatar\" style=\"background:url(https:\/\/samm.humark.website\/wp-content\/uploads\/2019\/03\/Daniela_Gisler_samm_group.jpg) center center \/ cover no-repeat #D0F8FF\"><\/div>\r\n                        <\/div>\r\n\r\n                        <h2>Daniela Gisler<\/h2><h3>Managing Partner<\/h3><\/a><a href=\"https:\/\/samm.humark.website\/fr\/team\/roman-kurmann\/\" class=\"col3 team-link\">\r\n                        <div class=\"case-avatar-wrapper\">\r\n                            <div class=\"case-avatar\" style=\"background:url(https:\/\/samm.humark.website\/wp-content\/uploads\/2019\/03\/Roman_Kurmann_samm_group.jpg) center center \/ cover no-repeat #D0F8FF\"><\/div>\r\n                        <\/div>\r\n\r\n                        <h2>Roman Kurmann<\/h2><h3>Partner\/VRP<\/h3><\/a><a href=\"https:\/\/samm.humark.website\/fr\/team\/christof-marti\/\" class=\"col3 team-link\">\r\n                        <div class=\"case-avatar-wrapper\">\r\n                            <div class=\"case-avatar\" style=\"background:url(https:\/\/samm.humark.website\/wp-content\/uploads\/2019\/03\/Christof_Marti_samm_group.jpg) center center \/ cover no-repeat #D0F8FF\"><\/div>\r\n                        <\/div>\r\n\r\n                        <h2>Christof Marti<\/h2><h3>Partner<\/h3><\/a><a href=\"https:\/\/samm.humark.website\/fr\/team\/didier-cuche\/\" class=\"col3 team-link\">\r\n                        <div class=\"case-avatar-wrapper\">\r\n                            <div class=\"case-avatar\" style=\"background:url(https:\/\/samm.humark.website\/wp-content\/uploads\/2019\/03\/Didier_Cuche_samm_group.jpg) center center \/ cover no-repeat #D0F8FF\"><\/div>\r\n                        <\/div>\r\n\r\n                        <h2>Didier Cuche<\/h2><h3>Partner<\/h3><\/a><a href=\"https:\/\/samm.humark.website\/fr\/team\/daniel-mahrer\/\" class=\"col3 team-link\">\r\n                        <div class=\"case-avatar-wrapper\">\r\n                            <div class=\"case-avatar\" style=\"background:url(https:\/\/samm.humark.website\/wp-content\/uploads\/2019\/03\/Daniel_Mahrer_samm_group.jpg) center center \/ cover no-repeat #D0F8FF\"><\/div>\r\n                        <\/div>\r\n\r\n                        <h2>Daniel Mahrer<\/h2><h3>Partner<\/h3><\/a><a href=\"https:\/\/samm.humark.website\/fr\/team\/alina-patz\/\" class=\"col3 team-link\">\r\n                        <div class=\"case-avatar-wrapper\">\r\n                            <div class=\"case-avatar\" style=\"background:url(https:\/\/samm.humark.website\/wp-content\/uploads\/2019\/03\/Alina_Paetz_samm_group.jpg) center center \/ cover no-repeat #D0F8FF\"><\/div>\r\n                        <\/div>\r\n\r\n                        <h2>Alina P\u00e4tz<\/h2><h3>Key Account Manager<\/h3><\/a><a href=\"https:\/\/samm.humark.website\/fr\/team\/fabio-tomar\/\" class=\"col3 team-link\">\r\n                        <div class=\"case-avatar-wrapper\">\r\n                            <div class=\"case-avatar\" style=\"background:url(https:\/\/samm.humark.website\/wp-content\/uploads\/2019\/03\/Fabio_Tomar_samm_group.jpg) center center \/ cover no-repeat #D0F8FF\"><\/div>\r\n                        <\/div>\r\n\r\n                        <h2>F\u00e1bio Tomar<\/h2><h3>Key Account Manager<\/h3><\/a>\r\n        <\/div>\r\n    <\/div>\r\n<\/section>\r\n\n\n<section class=\"block-text blue\">\r\n    <div class=\"wrapper\">\r\n        <div class=\"inner-wrapper full-width\"><h2 class=\"text-titel\">Toujours trop impersonnel?<\/h2><a href=\"https:\/\/samm.humark.website\/fr\/contact\/\" class=\"btn\">Contact<\/a><\/div>\r\n    <\/div>\r\n<\/section>","protected":false},"excerpt":{"rendered":"","protected":false},"author":1,"featured_media":0,"parent":0,"menu_order":0,"comment_status":"closed","ping_status":"closed","template":"","meta":[],"_links":{"self":[{"href":"https:\/\/samm.humark.website\/fr\/wp-json\/wp\/v2\/pages\/1711\/"}],"collection":[{"href":"https:\/\/samm.humark.website\/fr\/wp-json\/wp\/v2\/pages\/"}],"about":[{"href":"https:\/\/samm.humark.website\/fr\/wp-json\/wp\/v2\/types\/page\/"}],"author":[{"embeddable":true,"href":"https:\/\/samm.humark.website\/fr\/wp-json\/wp\/v2\/users\/1\/"}],"replies":[{"embeddable":true,"href":"https:\/\/samm.humark.website\/fr\/wp-json\/wp\/v2\/comments\/?post=1711"}],"version-history":[{"count":5,"href":"https:\/\/samm.humark.website\/fr\/wp-json\/wp\/v2\/pages\/1711\/revisions\/"}],"predecessor-version":[{"id":1733,"href":"https:\/\/samm.humark.website\/fr\/wp-json\/wp\/v2\/pages\/1711\/revisions\/1733\/"}],"wp:attachment":[{"href":"https:\/\/samm.humark.website\/fr\/wp-json\/wp\/v2\/media\/?parent=1711"}],"curies":[{"name":"wp","href":"https:\/\/api.w.org\/{rel}","templated":true}]}}